{"id":1248,"date":"2018-09-23T14:50:02","date_gmt":"2018-09-23T12:50:02","guid":{"rendered":"http:\/\/enfiletesbaskets.fr\/?page_id=1248"},"modified":"2025-07-12T16:49:21","modified_gmt":"2025-07-12T14:49:21","slug":"telechargez-les-formulaires-dinscription","status":"publish","type":"page","link":"https:\/\/enfiletesbaskets.fr\/?page_id=1248","title":{"rendered":"Rejoins nous"},"content":{"rendered":"<div class=\"wp-block-image\">\n<figure class=\"alignleft size-large\"><img decoding=\"async\" loading=\"lazy\" width=\"724\" height=\"1024\" src=\"http:\/\/enfiletesbaskets.fr\/wp-content\/uploads\/2025\/06\/Rejoins-nous-25-26-724x1024.jpg\" alt=\"\" class=\"wp-image-5004\" srcset=\"https:\/\/enfiletesbaskets.fr\/wp-content\/uploads\/2025\/06\/Rejoins-nous-25-26-724x1024.jpg 724w, https:\/\/enfiletesbaskets.fr\/wp-content\/uploads\/2025\/06\/Rejoins-nous-25-26-212x300.jpg 212w, https:\/\/enfiletesbaskets.fr\/wp-content\/uploads\/2025\/06\/Rejoins-nous-25-26-768x1086.jpg 768w, https:\/\/enfiletesbaskets.fr\/wp-content\/uploads\/2025\/06\/Rejoins-nous-25-26-1086x1536.jpg 1086w, https:\/\/enfiletesbaskets.fr\/wp-content\/uploads\/2025\/06\/Rejoins-nous-25-26.jpg 1414w\" sizes=\"(max-width: 724px) 100vw, 724px\" \/><\/figure><\/div>\n\n\n<h2><\/h2>\n\n\n\n<p>Des entra\u00eenements hebdomadaires, des sorties communes, des d\u00e9placements \u00e0 plusieurs lors de diverses courses dont certaines sont prises en charge financi\u00e8rement par l&rsquo;association et tous les moments conviviaux qui vont avec.<br>N\u2019h\u00e9sitez pas \u00e0 nous contacter pour nous rejoindre !  <strong>enfiletesbaskets@gmail.com<\/strong><\/p>\n\n\n\n<hr class=\"wp-block-separator has-alpha-channel-opacity\"\/>\n\n\n\n<p><strong>ADHESION<\/strong><\/p>\n\n\n\n<p><mark style=\"background-color:rgba(0, 0, 0, 0)\" class=\"has-inline-color has-luminous-vivid-orange-color\"><strong>Pour adh\u00e9rer, nous retourner le formulaire d&rsquo;adh\u00e9sion avec le r\u00e8glement de fonctionnement sign\u00e9<\/strong>.<\/mark><\/p>\n\n\n\n<p><mark style=\"background-color:rgba(0, 0, 0, 0)\" class=\"has-inline-color has-vivid-cyan-blue-color\"><strong>Formulaire d&rsquo;adh\u00e9sion<\/strong> <\/mark><\/p>\n\n\n\n<figure class=\"wp-block-image size-large\"><img decoding=\"async\" loading=\"lazy\" width=\"724\" height=\"1024\" src=\"http:\/\/enfiletesbaskets.fr\/wp-content\/uploads\/2025\/07\/Bulletin-adhesion-ETB-2025-2026-pdf-724x1024.jpg\" alt=\"\" class=\"wp-image-5033\"\/><\/figure>\n\n\n\n<hr class=\"wp-block-separator has-alpha-channel-opacity\"\/>\n\n\n\n<p><mark style=\"background-color:rgba(0, 0, 0, 0)\" class=\"has-inline-color has-vivid-cyan-blue-color\"><strong>R\u00e8glement de fonctionnement de l&rsquo;association<\/strong> <\/mark><\/p>\n\n\n\n<figure class=\"wp-block-image size-large\"><img decoding=\"async\" loading=\"lazy\" width=\"724\" height=\"1024\" src=\"http:\/\/enfiletesbaskets.fr\/wp-content\/uploads\/2025\/01\/regles-de-fonctionnement-pdf-724x1024.jpg\" alt=\"\" class=\"wp-image-4861\"\/><\/figure>\n","protected":false},"excerpt":{"rendered":"<p>Des entra\u00eenements hebdomadaires, des sorties communes, des d\u00e9placements \u00e0 plusieurs lors de diverses courses dont certaines sont prises en charge financi\u00e8rement par l&rsquo;association et tous les moments conviviaux qui vont avec.N\u2019h\u00e9sitez pas \u00e0 nous contacter pour nous rejoindre ! enfiletesbaskets@gmail.com ADHESION Pour adh\u00e9rer, nous retourner le formulaire d&rsquo;adh\u00e9sion avec le r\u00e8glement de fonctionnement sign\u00e9. Formulaire &hellip; <\/p>\n<p class=\"link-more\"><a href=\"https:\/\/enfiletesbaskets.fr\/?page_id=1248\" class=\"more-link\">Continuer la lecture<span class=\"screen-reader-text\"> de &laquo;&nbsp;Rejoins nous&nbsp;&raquo;<\/span><\/a><\/p>\n","protected":false},"author":1,"featured_media":0,"parent":0,"menu_order":0,"comment_status":"closed","ping_status":"closed","template":"","meta":[],"_links":{"self":[{"href":"https:\/\/enfiletesbaskets.fr\/index.php?rest_route=\/wp\/v2\/pages\/1248"}],"collection":[{"href":"https:\/\/enfiletesbaskets.fr\/index.php?rest_route=\/wp\/v2\/pages"}],"about":[{"href":"https:\/\/enfiletesbaskets.fr\/index.php?rest_route=\/wp\/v2\/types\/page"}],"author":[{"embeddable":true,"href":"https:\/\/enfiletesbaskets.fr\/index.php?rest_route=\/wp\/v2\/users\/1"}],"replies":[{"embeddable":true,"href":"https:\/\/enfiletesbaskets.fr\/index.php?rest_route=%2Fwp%2Fv2%2Fcomments&post=1248"}],"version-history":[{"count":99,"href":"https:\/\/enfiletesbaskets.fr\/index.php?rest_route=\/wp\/v2\/pages\/1248\/revisions"}],"predecessor-version":[{"id":5034,"href":"https:\/\/enfiletesbaskets.fr\/index.php?rest_route=\/wp\/v2\/pages\/1248\/revisions\/5034"}],"wp:attachment":[{"href":"https:\/\/enfiletesbaskets.fr\/index.php?rest_route=%2Fwp%2Fv2%2Fmedia&parent=1248"}],"curies":[{"name":"wp","href":"https:\/\/api.w.org\/{rel}","templated":true}]}}