{"id":1640,"date":"2019-02-04T10:44:52","date_gmt":"2019-02-04T09:44:52","guid":{"rendered":"http:\/\/enfiletesbaskets.fr\/?page_id=1640"},"modified":"2025-09-25T09:57:41","modified_gmt":"2025-09-25T07:57:41","slug":"reglement-particulier-des-epreuves","status":"publish","type":"page","link":"https:\/\/enfiletesbaskets.fr\/?page_id=1640","title":{"rendered":"R\u00e8glement des \u00e9preuves"},"content":{"rendered":"<p><b>CAP SUR GRENADE 2025<br \/>\n<\/b><\/p>\n<p><span style=\"font-weight: 400;\">L\u2019Association \u00ab Enfile tes baskets \u00bb organise <strong>la 20<\/strong><\/span><strong><sup>\u00e8me<\/sup><\/strong><span style=\"font-weight: 400;\"><strong> \u00e9dition<\/strong> des courses p\u00e9destres \u00ab <\/span><b>CAP sur Grenade<\/b><span style=\"font-weight: 400;\">\u00a0\u00bb, <\/span><b>le 4<\/b><b> octobre 2025 \u00e0 Grenade sur Garonne (31)<\/b><span style=\"font-weight: 400;\">.<\/span><\/p>\n<h3 style=\"text-align: left;\"><span style=\"color: #ff6600;\"><strong>Epreuves de CAP sur Grenade<\/strong><\/span><\/h3>\n<p>5 \u00e9preuves sont propos\u00e9es ainsi que 2 animations enfants\u00a0:<\/p>\n<ul>\n<li>Randonn\u00e9e de 8 km (20m D+) : d\u00e9part 16h30<\/li>\n<li>Animation pour enfants, 750m\u00a0: d\u00e9part 16h50<\/li>\n<li>Animation pour enfants, 1500m : d\u00e9part 17h00<\/li>\n<li>Course nature de 17 km (30m D+) : d\u00e9part 17h30<\/li>\n<li>Course nature de 8 km (20m D+) : d\u00e9part 17h45<\/li>\n<li>Course sur route de 5 km (10m D+) : d\u00e9part 18h00<\/li>\n<li>Course sur route de 10 km\u00a0(20m D+) : d\u00e9part 18h00<\/li>\n<\/ul>\n<h3 style=\"text-align: left;\"><span style=\"color: #ff6600;\"><strong>Course route et nature<\/strong><\/span><\/h3>\n<p>Les courses route et nature sont ouvertes \u00e0 tous les licenci\u00e9s ou non licenci\u00e9s.<\/p>\n<p>Age minimum accept\u00e9 pour participer aux \u00e9preuves propos\u00e9es :<\/p>\n<ul>\n<li>n\u00e9s en 2007 et 2008 (Juniors) ou avant pour la course nature de 17 km<\/li>\n<li>n\u00e9s en 2009 et 2010 (Cadets) ou avant pour la course nature de 8 km, pour la course route de 10 km<\/li>\n<li>n\u00e9s en 2011 et 2012 (Minimes) pour la course route de 5 km<\/li>\n<\/ul>\n<p>Les d\u00e9parts des courses sur route et nature seront donn\u00e9s sur la piste de roller \u00e0 Grenade et l\u2019arriv\u00e9e se fera sous la halle.<\/p>\n<p>Une autorisation parentale sera demand\u00e9e pour tout mineur en date du jour de la course, participant \u00e0 une des \u00e9preuves de CAP sur Grenade du 4 octobre 2025 (course route de 5 km ou 10 km, ou course nature 8 km ou 17 km, ou randonn\u00e9e 8 km). Cette autorisation est incluse dans le bulletin d\u2019inscription, qui devra \u00eatre obligatoirement rempli et sign\u00e9 par un des deux parents du mineur.<\/p>\n<h3 style=\"text-align: left;\"><span style=\"color: #ff6600;\"><strong>Animations enfants<\/strong><\/span><\/h3>\n<p>Les animations enfants sont ouvertes pour les enfants :<\/p>\n<ul>\n<li>n\u00e9s en 2017, 2018 et 2019 (Eveil d\u2019Athl\u00e9tisme) pour l&rsquo;animation de 16h50<\/li>\n<li>n\u00e9s en 2013, 2014, 2015, 2016 (Poussins, Benjamins) pour l&rsquo;animation de 17h00<\/li>\n<\/ul>\n<p>L\u2019engagement est gratuit et le certificat m\u00e9dical facultatif car il n\u2019y a pas de classement officiel.<\/p>\n<p>Un go\u00fbter leur sera propos\u00e9 \u00e0 l\u2019issue de la course et des cadeaux r\u00e9compenseront tous les arrivants.<\/p>\n<p>Les d\u00e9parts et arriv\u00e9es des animations enfants se feront sous la halle.<\/p>\n<h3 style=\"text-align: left;\"><span style=\"color: #ff6600;\"><strong>Randonn\u00e9e<\/strong><\/span><\/h3>\n<p>La randonn\u00e9e est ouverte \u00e0 toute personne majeure. Les mineurs sont autoris\u00e9s uniquement s\u2019ils se trouvent accompagn\u00e9s d\u2019une personne majeure.<\/p>\n<p>Le d\u00e9part et l\u2019arriv\u00e9e de la randonn\u00e9e se feront sous la halle.<\/p>\n<h3 style=\"text-align: left;\"><span style=\"color: #ff6600;\"><strong>Responsabilit\u00e9 et assurance<\/strong><\/span><\/h3>\n<p>Les coureurs participent \u00e0 la comp\u00e9tition sous leur propre et exclusive responsabilit\u00e9. Les organisateurs d\u00e9clinent toute responsabilit\u00e9 en cas d\u2019accident ou de d\u00e9faillance cons\u00e9cutive \u00e0 un mauvais \u00e9tat de sant\u00e9. Les secours sont assur\u00e9s par un m\u00e9decin et une \u00e9quipe de secouristes, ainsi chaque coureur autorise le service de secours \u00e0 prendre les dispositions m\u00e9dicales qui pourraient s\u2019imposer.<\/p>\n<p>En cas de force majeure, de catastrophe naturelle, d\u2019\u00e9v\u00e8nement climatique, de d\u00e9cision administrative, ou de toute autre circonstance mettant en danger la s\u00e9curit\u00e9 des concurrents, l\u2019association <strong>se r\u00e9serve le droit de modifier le parcours ou d\u2019annuler l\u2019\u00e9preuve sans que les concurrents puissent pr\u00e9tendre \u00e0 un quelconque remboursement.<\/strong><\/p>\n<p>En cas d\u2019abandon, le concurrent doit obligatoirement pr\u00e9venir les responsables de l\u2019\u00e9preuve et leur remettre son dossard contenant une puce \u00e9lectronique sans franchir la ligne d\u2019arriv\u00e9e.<\/p>\n<p>Les organisateurs sont couverts par une police d\u2019assurance responsabilit\u00e9 civile aupr\u00e8s de la MACIF. Les licenci\u00e9s b\u00e9n\u00e9ficient des garanties accord\u00e9es par l\u2019assurance li\u00e9e \u00e0 leur licence.<\/p>\n<p>Il est vivement conseill\u00e9 aux autres athl\u00e8tes de souscrire une assurance personnelle couvrant les dommages corporels auxquels leur pratique sportive peut les exposer.<\/p>\n<p>Toute personne qui r\u00e9troc\u00e8dera son dossard \u00e0 une tierce personne sans l\u2019accord de l\u2019Organisateur sera reconnue responsable en cas d\u2019accident survenu ou provoqu\u00e9 par cette derni\u00e8re lors de l\u2019\u00e9preuve, l\u2019Organisateur d\u00e9clinant toute responsabilit\u00e9 dans cette hypoth\u00e8se.<\/p>\n<h3 style=\"text-align: left;\"><span style=\"color: #ff6600;\"><strong>Droit \u00e0 l&rsquo;image<\/strong><\/span><\/h3>\n<p>Les concurrents, par leur engagement, d\u00e9clarent renoncer \u00e0 leur droit \u00e0 l\u2019image et autorisent l\u2019organisateur \u00e0 exploiter les clich\u00e9s et vid\u00e9os pris le jour de l\u2019\u00e9preuve \u00e0 des fins de promotion.<\/p>\n<h3 style=\"text-align: left;\"><span style=\"color: #ff6600;\"><strong>S\u00e9curit\u00e9<\/strong><\/span><\/h3>\n<p>En dehors des voitures des organisateurs, aucun v\u00e9hicule motoris\u00e9 ne pourra suivre la course. De m\u00eame ne sont pas autoris\u00e9s les accompagnateurs cyclistes. La circulation n\u2019\u00e9tant pas ferm\u00e9e mais filtr\u00e9e, les coureurs sont tenus de respecter le code de la route.<\/p>\n<p>Aucun animal ne sera autoris\u00e9 sur le parcours des \u00e9preuves (m\u00eame pour les chiens tenus en laisse de type cani-cross).<\/p>\n<p>L\u2019\u00e9preuve sera encadr\u00e9e par les organisateurs, la police municipale et la gendarmerie.<\/p>\n<p>Chaque participant doit porter visiblement, sur le devant, pendant la totalit\u00e9 de la comp\u00e9tition, un dossard fourni par l\u2019organisation. Cela facilitera notamment l&rsquo;aiguillage des courses 5 et 10 km au niveau de la halle de Grenade.<\/p>\n<p>Le temps maximum allou\u00e9 est de 60 min pour la course de 5 km, 80 min pour la course de 10 km et 8 km nature, et 120 min pour la course de 17 km nature et la randonn\u00e9e. Pass\u00e9s ces d\u00e9lais, les concurrents seront consid\u00e9r\u00e9s comme hors course. Ils pourront continuer sous leur seule responsabilit\u00e9 et devront alors se conformer aux dispositions du code de la route.<\/p>\n<p>Dans un soucis d&rsquo;inclusivit\u00e9, l&rsquo;organisateur permet la participation aux \u00e9preuves des personnes en situation de handicap dans la mesure o\u00f9 le participant peut fournir un PPS valide, peut respecter les barri\u00e8res horaires et est organis\u00e9 pour assurer sa participation \u00e0 l&rsquo;\u00e9preuve.<\/p>\n<h3><strong><span style=\"color: #ff6600;\">Licences ou PPS \u00e0 l&rsquo;inscription<\/span><br \/>\n<\/strong><\/h3>\n<p>Personnes majeures:<\/p>\n<ul>\n<li>d&rsquo;une licence Athl\u00e9 Comp\u00e9tition, Athl\u00e9 Entreprise, Athl\u00e9 Running d\u00e9livr\u00e9e par la FFA, en cours de validit\u00e9 \u00e0 la date de la manifestation. Les autres licences d\u00e9livr\u00e9es par la FFA (Sant\u00e9, Encadrement) ne sont pas accept\u00e9es ;<\/li>\n<li>d&rsquo;une attestation (papier, \u00e9lectronique ou de type QR Code) indiquant que la personne a r\u00e9alis\u00e9 le Parcours de Pr\u00e9vention Sant\u00e9 (ou \u00ab PPS \u00bb) mis en place par la FFA via sa plateforme d\u00e9di\u00e9e (https:\/\/pps.athle.fr\/). Pour \u00eatre valable, le PPS doit avoir \u00e9t\u00e9 effectu\u00e9 au maximum trois mois avant la date de la manifestation \u00e0 laquelle la personne souhaite s\u2019inscrire. Les \u00e9trangers, doivent \u00e9galement \u00e9tablir un PPS pour leur participation.<\/li>\n<\/ul>\n<p>La pr\u00e9sentation des certificats m\u00e9dicaux n\u2019est plus accept\u00e9e.<\/p>\n<p>Personnes mineures :<\/p>\n<p>La participation des mineurs \u00e0 une comp\u00e9tition est soumise :<\/p>\n<p>&#8211; Soit \u00e0 la pr\u00e9sentation \u00e0 l\u2019Organisateur d\u2019une licence Athl\u00e9 Comp\u00e9tition Athl\u00e9 Entreprise(*), Athl\u00e9 Running d\u00e9livr\u00e9e par la FFA, en cours de validit\u00e9 \u00e0 la date de la manifestation. Les autres licences d\u00e9livr\u00e9es par la FFA (Sant\u00e9, Encadrement et D\u00e9couverte) ne sont pas accept\u00e9es.<\/p>\n<p>(*) Conform\u00e9ment aux R\u00e8glements G\u00e9n\u00e9raux de la FFA (Article 2.5 Sport entreprise), la licence Athl\u00e9 entreprise est d\u00e9livr\u00e9e par un club rattach\u00e9 \u00e0 une entreprise, aux salari\u00e9s et retrait\u00e9, \u00e0 leur conjoint et enfant.<\/p>\n<p>&#8211; Soit \u00e0 la signature par les personnes exer\u00e7ant l\u2019autorit\u00e9 parentale sur le mineur d\u2019une attestation confirmant que chacune des rubriques du questionnaire relatif \u00e0 son \u00e9tat de sant\u00e9 (et dont le contenu est pr\u00e9cis\u00e9 par arr\u00eat\u00e9 conjoint du ministre charg\u00e9 de la sant\u00e9 et du ministre charg\u00e9 des Sports) donne lieu \u00e0 une r\u00e9ponse n\u00e9gative. A d\u00e9faut, elles sont tenues de produire un certificat m\u00e9dical attestant de l&rsquo;absence de contre-indication \u00e0 la pratique de l\u2019athl\u00e9tisme ou de la discipline concern\u00e9e datant de moins de six mois.<\/p>\n<h3 style=\"text-align: left;\"><span style=\"color: #ff6600;\"><strong>Inscriptions et tarifs<\/strong><\/span><\/h3>\n<p>Les montants des engagements sont fix\u00e9s \u00e0 :<\/p>\n<ul>\n<li>10 \u20ac pour le 5 km<\/li>\n<li>12 \u20ac pour le 8 km<\/li>\n<li>14 \u20ac pour le 10 km<\/li>\n<li>18 \u20ac pour la course nature de 17 km<\/li>\n<li>8 \u20ac pour la randonn\u00e9e<\/li>\n<li>Gratuit pour les animations enfants<\/li>\n<\/ul>\n<p>Le co\u00fbt des inscriptions sera major\u00e9 de 2 \u20ac pour toute inscription le jour de la course sauf pour la randonn\u00e9e.<\/p>\n<p>Option repas d\u2019apr\u00e8s course : \u00e0 souscrire sur le site Chrono-Start au moment de l\u2019inscription.<\/p>\n<p>Tarif : 14\u20ac.\u00a0 Inscriptions repas jusqu&rsquo;au dimanche 28 septembre 2025 \u00e0 minuit. Le nombre de repas est limit\u00e9 \u00e0 80 repas.<\/p>\n<p>L\u2019inscription se fait :<\/p>\n<ul>\n<li>sur Internet via le site Chrono-start http:\/\/www.chrono-start.com. Les inscriptions seront closes le vendredi 3 octobre 2025 \u00e0 18h00 ;<\/li>\n<li>par courrier avant le mercredi 1er octobre 2025, \u00e0 l\u2019adresse suivante : M. Laurent PIGATTO &#8211; 30 rue des Demoiselles &#8211; 31330 ONDES.<\/li>\n<li>le jour de la course entre 9h00 et 12h00 et entre 15h30 et <u>17h15<\/u> sous la halle, pour les courses 5 km, 10 km, 8 km nature et 17 km nature (sous r\u00e9serve de place disponible).<\/li>\n<li>le jour de la course entre 9h00 et 12h00 et entre 15h30 et <u>16h30<\/u> sous la halle pour les animations enfants et les randonneurs.<\/li>\n<\/ul>\n<h3 style=\"text-align: left;\"><span style=\"color: #ff6600;\"><strong>Retrait des dossards<\/strong><\/span><\/h3>\n<p>Les dossards sont remis individuellement \u00e0 chaque coureur le jour de la course entre 09h00 et 12h00 ou entre 15h30 et 17h30 sous la halle.<\/p>\n<p>L\u2019organisation se r\u00e9serve la possibilit\u00e9 de demander la pr\u00e9sentation d\u2019une pi\u00e8ce d\u2019identit\u00e9 avec photo pour la remise des dossards. Seule l\u2019organisation peut d\u00e9cider de rouvrir les inscriptions ou valider une autre inscription suite \u00e0 un d\u00e9sistement.<\/p>\n<p>Tout engagement est ferme et d\u00e9finitif, et ne donnera pas lieu \u00e0 remboursement en cas de non-participation.<\/p>\n<p>Nombre maximum de coureurs\u00a0:<\/p>\n<p>Le nombre total de participants chronom\u00e9tr\u00e9s sera limit\u00e9 \u00e0 730 :<\/p>\n<p>5 km : 150 places<\/p>\n<p>8 km nature: 170 places<\/p>\n<p>10 km : 220 places<\/p>\n<p>17 km nature : 190 places<\/p>\n<p>Nombre maximum d\u2019enfants\u00a0:<\/p>\n<p>Le nombre total de participants enfants sera limit\u00e9 \u00e0 200:<\/p>\n<p>750 m : 100 places<\/p>\n<p>1500 m nature: 100 places<\/p>\n<h3 style=\"text-align: left;\"><span style=\"color: #ff6600;\"><strong>Ravitaillement<\/strong><\/span><\/h3>\n<p>Ils seront dispos\u00e9s :<\/p>\n<ul>\n<li>aux points kilom\u00e9triques 3 et 8 pour les circuits sur route<\/li>\n<li>au point kilom\u00e9trique 3 et 6 pour la course nature de 8 km<\/li>\n<li>aux points kilom\u00e9triques 6, 12 et 15 pour la course nature de 17 km.<\/li>\n<\/ul>\n<p>Il est pr\u00e9conis\u00e9 pour chaque coureur d&rsquo;utiliser son propre gobelet multi-usage.<\/p>\n<ul>\n<li>un ravitaillement \u00e0 l&rsquo;arriv\u00e9e des courses sous la halle.<\/li>\n<\/ul>\n<p>Il est conseill\u00e9 aux participants de pr\u00e9voir un ravitaillement personnel, notamment en eau : bouteille, camelbak, poche \u00e0 eau\u2026<\/p>\n<h3 style=\"text-align: left;\"><span style=\"color: #ff6600;\"><strong>Classements et r\u00e9compenses<\/strong><\/span><\/h3>\n<p>Seules les \u00e9preuves 5 et 10 km route, et 8 et 17 km nature sont chronom\u00e9tr\u00e9es.<\/p>\n<p>Le chronom\u00e9trage sera assur\u00e9 par puce \u00e9lectronique.<\/p>\n<p>Il sera \u00e9tabli un classement f\u00e9minin et masculin.<\/p>\n<p>Seront r\u00e9compens\u00e9s:<\/p>\n<ul>\n<li>les 3 premiers au scratch de chaque \u00e9preuve chronom\u00e9tr\u00e9e<\/li>\n<li>pour la course route de 10 km, le premier coureur et la premi\u00e8re coureuse de chaque cat\u00e9gorie sera r\u00e9compens\u00e9.<\/li>\n<li>pour la course de 10 km, le 1er habitant de Grenade et la 1\u00e8re habitante de Grenade.<\/li>\n<li>un challenge est propos\u00e9 pour r\u00e9compenser l&rsquo;entreprise \/ le club \/ l\u2019association la plus repr\u00e9sent\u00e9e sur l&rsquo;ensemble des \u00e9preuves propos\u00e9es.<\/li>\n<\/ul>\n<p>Un tirage au sort pr\u00e9alable sera effectu\u00e9 pour 5 dossards des \u00e9preuves chronom\u00e9tr\u00e9es. Le r\u00e9sultat sera affich\u00e9 au ravito d&rsquo;arriv\u00e9e. Les lots seront distribu\u00e9s lors de la remise des r\u00e9compenses.<\/p>\n<h3 style=\"text-align: left;\"><span style=\"color: #ff6600;\"><strong>Les b\u00e9n\u00e9voles et propri\u00e9taires<\/strong><\/span><\/h3>\n<p>Les b\u00e9n\u00e9voles : ils sont l\u00e0 pour vous aider et veiller \u00e0 votre s\u00e9curit\u00e9 sur le parcours.<\/p>\n<p>Les propri\u00e9taires des chemins priv\u00e9s nous accordent chaque ann\u00e9e leur confiance et vous permettent de traverser leurs propri\u00e9t\u00e9s, le jour de la course seulement, ces chemins demeurent priv\u00e9s le reste de l\u2019ann\u00e9e.<\/p>\n<p>Merci de respecter les zones travers\u00e9es et de profiter de cette autorisation.<\/p>\n<h3><span style=\"color: #ff6600;\"><strong>Acceptation<\/strong><\/span><\/h3>\n<p>L\u2019inscription \u00e0 la comp\u00e9tition entra\u00eene l\u2019acceptation du pr\u00e9sent r\u00e8glement dans son int\u00e9gralit\u00e9.<\/p>\n","protected":false},"excerpt":{"rendered":"<p>CAP SUR GRENADE 2025 L\u2019Association \u00ab Enfile tes baskets \u00bb organise la 20\u00e8me \u00e9dition des courses p\u00e9destres \u00ab CAP sur Grenade\u00a0\u00bb, le 4 octobre 2025 \u00e0 Grenade sur Garonne (31). Epreuves de CAP sur Grenade 5 \u00e9preuves sont propos\u00e9es ainsi que 2 animations enfants\u00a0: Randonn\u00e9e de 8 km (20m D+) : d\u00e9part 16h30 Animation pour &hellip; <\/p>\n<p class=\"link-more\"><a href=\"https:\/\/enfiletesbaskets.fr\/?page_id=1640\" class=\"more-link\">Continuer la lecture<span class=\"screen-reader-text\"> de &laquo;&nbsp;R\u00e8glement des \u00e9preuves&nbsp;&raquo;<\/span><\/a><\/p>\n","protected":false},"author":1,"featured_media":0,"parent":0,"menu_order":0,"comment_status":"closed","ping_status":"closed","template":"","meta":[],"_links":{"self":[{"href":"https:\/\/enfiletesbaskets.fr\/index.php?rest_route=\/wp\/v2\/pages\/1640"}],"collection":[{"href":"https:\/\/enfiletesbaskets.fr\/index.php?rest_route=\/wp\/v2\/pages"}],"about":[{"href":"https:\/\/enfiletesbaskets.fr\/index.php?rest_route=\/wp\/v2\/types\/page"}],"author":[{"embeddable":true,"href":"https:\/\/enfiletesbaskets.fr\/index.php?rest_route=\/wp\/v2\/users\/1"}],"replies":[{"embeddable":true,"href":"https:\/\/enfiletesbaskets.fr\/index.php?rest_route=%2Fwp%2Fv2%2Fcomments&post=1640"}],"version-history":[{"count":72,"href":"https:\/\/enfiletesbaskets.fr\/index.php?rest_route=\/wp\/v2\/pages\/1640\/revisions"}],"predecessor-version":[{"id":5142,"href":"https:\/\/enfiletesbaskets.fr\/index.php?rest_route=\/wp\/v2\/pages\/1640\/revisions\/5142"}],"wp:attachment":[{"href":"https:\/\/enfiletesbaskets.fr\/index.php?rest_route=%2Fwp%2Fv2%2Fmedia&parent=1640"}],"curies":[{"name":"wp","href":"https:\/\/api.w.org\/{rel}","templated":true}]}}