{"id":2484,"date":"2020-01-02T21:57:55","date_gmt":"2020-01-02T20:57:55","guid":{"rendered":"http:\/\/enfiletesbaskets.fr\/?page_id=2484"},"modified":"2026-02-01T20:41:20","modified_gmt":"2026-02-01T19:41:20","slug":"le-calendrier-des-courses-2020","status":"publish","type":"page","link":"https:\/\/enfiletesbaskets.fr\/?page_id=2484","title":{"rendered":"Courses prises en charge"},"content":{"rendered":"<p style=\"text-align: left;\"><span style=\"color: #000000;\">R\u00e9serv\u00e9es aux adh\u00e9rents de l&rsquo;association \u00e0 jour de leur cotisation.<\/span><\/p>\n<div style=\"text-align: left;\">\n<p><strong><strong>Veuillez prendre connaissance du r\u00e8glement pour la prise en charge :<br \/>\n<\/strong><\/strong><\/p>\n<ul>\n<li>L\u2019adh\u00e9rent s\u2019inscrit lui-m\u00eame \u00e0 la course.<\/li>\n<li>Apr\u00e8s la course, le Tr\u00e9sorier de l\u2019association rembourse les adh\u00e9rents par virement bancaire, sous r\u00e9serve de leurs participations effectives.<\/li>\n<li>Les frais d\u2019inscriptions sont pris en charge par l\u2019association dans la limite d\u2019un montant de 30\u20ac.<\/li>\n<li>Le participant s\u2019inscrit sur le sondage ci-dessous afin de faciliter le travail de recensement du Tr\u00e9sorier et d&rsquo;organiser les covoiturages.<\/li>\n<\/ul>\n<p><strong>Liens d&rsquo;inscriptions et sondages aux courses prises en charge:<\/strong><\/p>\n<\/div>\n<div>\n<div dir=\"ltr\">\n<div dir=\"ltr\">\n<div dir=\"ltr\">\n<div dir=\"ltr\">\n<div dir=\"ltr\">\n<div dir=\"ltr\">\n<div dir=\"ltr\">\n<div dir=\"ltr\">\n<div dir=\"ltr\">\n<div dir=\"ltr\">\n<div dir=\"ltr\">\n<div dir=\"ltr\">\n<div dir=\"ltr\">\n<div dir=\"ltr\">\n<div dir=\"ltr\">\n<div dir=\"ltr\">\n<div dir=\"ltr\">\n<hr \/>\n<\/div>\n<\/div>\n<\/div>\n<\/div>\n<\/div>\n<\/div>\n<\/div>\n<\/div>\n<\/div>\n<\/div>\n<\/div>\n<\/div>\n<\/div>\n<\/div>\n<\/div>\n<\/div>\n<\/div>\n<\/div>\n<h3 dir=\"ltr\"><em style=\"color: #ff0000; font-size: 1.125rem;\"><strong>Le Dimanche 1er Mars 2026<\/strong><\/em><\/h3>\n<div dir=\"ltr\">\n<div dir=\"ltr\">\n<div dir=\"ltr\">\n<h3><strong>Le Souffle du Gers<\/strong><\/h3>\n<p>Lieu:\u00a0\u00a0\u00a0\u00a0\u00a0\u00a0 Auch (32)<\/p>\n<p>Lien d&rsquo;inscription :\u00a0\u00a0<a href=\"https:\/\/www.finishers.com\/book\/event\/k8jjF\">https:\/\/www.finishers.com\/book\/event\/k8jjF<\/a><\/p>\n<p>Sondage :\u00a0<a href=\"https:\/\/framadate.org\/S8fkFHJl775dlG3j\">https:\/\/framadate.org\/S8fkFHJl775dlG3j<\/a><\/p>\n<p><span style=\"font-size: 1rem;\">Description:\u00a0 \u00a0 \u00a0 10km, 21km<\/span><\/p>\n<\/div>\n<div dir=\"ltr\">\n<hr \/>\n<\/div>\n<div dir=\"ltr\">\n<h3 dir=\"ltr\"><em style=\"color: #ff0000; font-size: 1.125rem;\"><strong>Le Dimanche 22 Mars 2026<\/strong><\/em><\/h3>\n<\/div>\n<div dir=\"ltr\">\n<h3><strong>Trail Odarsois 30eme Edition<\/strong><\/h3>\n<\/div>\n<div dir=\"ltr\">Lieu:\u00a0\u00a0\u00a0\u00a0\u00a0\u00a0 Odars (31)<\/div>\n<div dir=\"ltr\"><\/div>\n<div dir=\"ltr\">Lien d&rsquo;inscription :<a href=\"https:\/\/chrono-start.fr\/Inscription\/Course\/detail\/c\/4960\">https:\/\/chrono-start.fr\/Inscription\/Course\/detail\/c\/4960<\/a><\/div>\n<\/div>\n<div dir=\"ltr\"><\/div>\n<\/div>\n<div dir=\"ltr\">Sondage :\u00a0\u00a0<a href=\"https:\/\/framadate.org\/m69PZBvoCtoz17CO\">https:\/\/framadate.org\/m69PZBvoCtoz17CO<\/a><\/div>\n<div dir=\"ltr\">\n<div dir=\"ltr\">\n<div dir=\"ltr\"><span style=\"font-size: 1rem;\"><span style=\"font-size: 1rem;\"><br \/>\nDescription:\u00a0 \u00a0 \u00a0 11km, 19km, 30km,\u00a0 Relais et marche<\/span><\/span><\/p>\n<\/div>\n<div dir=\"ltr\">\n<hr \/>\n<\/div>\n<div dir=\"ltr\">\n<p><em style=\"color: #ff0000; font-size: 1.125rem;\"><strong>Le Dimanche 12 Avril 2026<\/strong><\/em><\/p>\n<\/div>\n<\/div>\n<\/div>\n<div dir=\"ltr\">\n<div dir=\"ltr\">\n<div dir=\"ltr\">\n<h3><strong>Entre Save et Galop<\/strong><\/h3>\n<p>Lieu:\u00a0\u00a0\u00a0\u00a0\u00a0\u00a0 St Paul sur Save (31)<\/p>\n<p>Lien d&rsquo;inscription :<a href=\"https:\/\/chrono-start.fr\/Inscription\/Course\/detail\/c\/4962\">https:\/\/chrono-start.fr\/Inscription\/Course\/detail\/c\/4962<\/a><\/p>\n<p>Sondage :\u00a0<a href=\"https:\/\/framadate.org\/DGn9vUSuZUzKYKUz\">https:\/\/framadate.org\/DGn9vUSuZUzKYKUz<\/a><\/p>\n<p><span style=\"font-size: 1rem;\">Description:\u00a0 \u00a0 \u00a0 10km, 14km, 24km, 33km et marche<\/span><\/p>\n<\/div>\n<div dir=\"ltr\">\n<hr \/>\n<\/div>\n<div dir=\"ltr\"><em style=\"color: #ff0000; font-size: 1.125rem;\"><strong>Le Samedi 30 Mai 2026<\/strong><\/em><\/div>\n<\/div>\n<\/div>\n<div dir=\"ltr\">\n<div dir=\"ltr\">\n<div dir=\"ltr\">\n<h3><strong><br \/>\nEkiden de Montauban<\/strong><\/h3>\n<p>Lieu:\u00a0\u00a0\u00a0\u00a0\u00a0\u00a0 Montauban (82)<\/p>\n<p>Lien d&rsquo;inscription :<\/p>\n<p><span style=\"font-size: 1rem;\">Description:\u00a0 \u00a0 Course par \u00e9quipe , relais 6 personnes<\/span><\/p>\n<\/div>\n<\/div>\n<\/div>\n<hr \/>\n<h3 dir=\"ltr\"><em style=\"color: #ff0000; font-size: 1.125rem;\"><strong>Le Dimanche 14 Juin 2026<\/strong><\/em><\/h3>\n<div dir=\"ltr\">\n<div dir=\"ltr\">\n<div dir=\"ltr\">\n<h3><strong>Desperado Trail<\/strong><\/h3>\n<p>Lieu:\u00a0\u00a0\u00a0\u00a0\u00a0\u00a0 Durfort (81)<\/p>\n<p>Lien d&rsquo;inscription :\u00a0<a href=\"https:\/\/chrono-start.fr\/Inscription\/Course\/detail\/c\/5048\">https:\/\/chrono-start.fr\/Inscription\/Course\/detail\/c\/5048<\/a><\/p>\n<p><span style=\"font-size: 1rem;\">Sondage :\u00a0<a href=\"https:\/\/framadate.org\/wiqJ2euaX91qwQal\">https:\/\/framadate.org\/wiqJ2euaX91qwQal<\/a><\/p>\n<p>Description:\u00a0 \u00a0 \u00a09km, 14km, 33km et marche<\/span><\/p>\n<\/div>\n<div dir=\"ltr\"><\/div>\n<\/div>\n<\/div>\n","protected":false},"excerpt":{"rendered":"<p>R\u00e9serv\u00e9es aux adh\u00e9rents de l&rsquo;association \u00e0 jour de leur cotisation. Veuillez prendre connaissance du r\u00e8glement pour la prise en charge : L\u2019adh\u00e9rent s\u2019inscrit lui-m\u00eame \u00e0 la course. Apr\u00e8s la course, le Tr\u00e9sorier de l\u2019association rembourse les adh\u00e9rents par virement bancaire, sous r\u00e9serve de leurs participations effectives. Les frais d\u2019inscriptions sont pris en charge par l\u2019association &hellip; <\/p>\n<p class=\"link-more\"><a href=\"https:\/\/enfiletesbaskets.fr\/?page_id=2484\" class=\"more-link\">Continuer la lecture<span class=\"screen-reader-text\"> de &laquo;&nbsp;Courses prises en charge&nbsp;&raquo;<\/span><\/a><\/p>\n","protected":false},"author":1,"featured_media":0,"parent":213,"menu_order":2,"comment_status":"closed","ping_status":"closed","template":"","meta":[],"_links":{"self":[{"href":"https:\/\/enfiletesbaskets.fr\/index.php?rest_route=\/wp\/v2\/pages\/2484"}],"collection":[{"href":"https:\/\/enfiletesbaskets.fr\/index.php?rest_route=\/wp\/v2\/pages"}],"about":[{"href":"https:\/\/enfiletesbaskets.fr\/index.php?rest_route=\/wp\/v2\/types\/page"}],"author":[{"embeddable":true,"href":"https:\/\/enfiletesbaskets.fr\/index.php?rest_route=\/wp\/v2\/users\/1"}],"replies":[{"embeddable":true,"href":"https:\/\/enfiletesbaskets.fr\/index.php?rest_route=%2Fwp%2Fv2%2Fcomments&post=2484"}],"version-history":[{"count":192,"href":"https:\/\/enfiletesbaskets.fr\/index.php?rest_route=\/wp\/v2\/pages\/2484\/revisions"}],"predecessor-version":[{"id":5199,"href":"https:\/\/enfiletesbaskets.fr\/index.php?rest_route=\/wp\/v2\/pages\/2484\/revisions\/5199"}],"up":[{"embeddable":true,"href":"https:\/\/enfiletesbaskets.fr\/index.php?rest_route=\/wp\/v2\/pages\/213"}],"wp:attachment":[{"href":"https:\/\/enfiletesbaskets.fr\/index.php?rest_route=%2Fwp%2Fv2%2Fmedia&parent=2484"}],"curies":[{"name":"wp","href":"https:\/\/api.w.org\/{rel}","templated":true}]}}