{"id":2554,"date":"2020-01-13T13:47:07","date_gmt":"2020-01-13T12:47:07","guid":{"rendered":"http:\/\/enfiletesbaskets.fr\/?page_id=2554"},"modified":"2025-11-19T21:37:17","modified_gmt":"2025-11-19T20:37:17","slug":"les-classements","status":"publish","type":"page","link":"https:\/\/enfiletesbaskets.fr\/?page_id=2554","title":{"rendered":"Les classements"},"content":{"rendered":"<p><a href=\"https:\/\/resultat.chrono-start.net\/static\/event\/1346\/view\">R\u00e9sultats 2025<\/a><\/p>\n<p><a href=\"https:\/\/resultat.chrono-start.fr\/event\/1040\">R\u00e9sultats 2024<\/a><\/p>\n<p><a href=\"https:\/\/resultat.chrono-start.com\/event\/781\">R\u00e9sultats 2023<\/a><\/p>\n<p><a href=\"https:\/\/resultat.chrono-start.com\/event\/528\">R\u00e9sultats 2022<\/a><\/p>\n<p><a href=\"https:\/\/resultat.chrono-start.com\/event\/229\">R\u00e9sultats 2021<\/a><\/p>\n<p>Records:<\/p>\n\n\n<figure class=\"wp-block-image size-large is-resized\"><img decoding=\"async\" loading=\"lazy\" src=\"http:\/\/enfiletesbaskets.fr\/wp-content\/uploads\/2024\/02\/records-1-pdf-1024x724.jpg\" alt=\"\" class=\"wp-image-4340\" width=\"580\" height=\"409\"\/><\/figure>\n","protected":false},"excerpt":{"rendered":"<p>R\u00e9sultats 2025 R\u00e9sultats 2024 R\u00e9sultats 2023 R\u00e9sultats 2022 R\u00e9sultats 2021 Records:<\/p>\n","protected":false},"author":1,"featured_media":0,"parent":0,"menu_order":0,"comment_status":"closed","ping_status":"closed","template":"","meta":[],"_links":{"self":[{"href":"https:\/\/enfiletesbaskets.fr\/index.php?rest_route=\/wp\/v2\/pages\/2554"}],"collection":[{"href":"https:\/\/enfiletesbaskets.fr\/index.php?rest_route=\/wp\/v2\/pages"}],"about":[{"href":"https:\/\/enfiletesbaskets.fr\/index.php?rest_route=\/wp\/v2\/types\/page"}],"author":[{"embeddable":true,"href":"https:\/\/enfiletesbaskets.fr\/index.php?rest_route=\/wp\/v2\/users\/1"}],"replies":[{"embeddable":true,"href":"https:\/\/enfiletesbaskets.fr\/index.php?rest_route=%2Fwp%2Fv2%2Fcomments&post=2554"}],"version-history":[{"count":12,"href":"https:\/\/enfiletesbaskets.fr\/index.php?rest_route=\/wp\/v2\/pages\/2554\/revisions"}],"predecessor-version":[{"id":5176,"href":"https:\/\/enfiletesbaskets.fr\/index.php?rest_route=\/wp\/v2\/pages\/2554\/revisions\/5176"}],"wp:attachment":[{"href":"https:\/\/enfiletesbaskets.fr\/index.php?rest_route=%2Fwp%2Fv2%2Fmedia&parent=2554"}],"curies":[{"name":"wp","href":"https:\/\/api.w.org\/{rel}","templated":true}]}}