{"id":2563,"date":"2020-01-13T13:54:48","date_gmt":"2020-01-13T12:54:48","guid":{"rendered":"http:\/\/enfiletesbaskets.fr\/?page_id=2563"},"modified":"2025-08-30T11:09:33","modified_gmt":"2025-08-30T09:09:33","slug":"resultats-2020","status":"publish","type":"page","link":"https:\/\/enfiletesbaskets.fr\/?page_id=2563","title":{"rendered":"Nos racines"},"content":{"rendered":"\n<p class=\"has-medium-font-size\"><\/p>\n\n\n\n<figure class=\"wp-block-image size-full\"><img decoding=\"async\" loading=\"lazy\" width=\"654\" height=\"660\" src=\"http:\/\/enfiletesbaskets.fr\/wp-content\/uploads\/2023\/12\/5-et-10-km-2005.jpg\" alt=\"\" class=\"wp-image-4261\" srcset=\"https:\/\/enfiletesbaskets.fr\/wp-content\/uploads\/2023\/12\/5-et-10-km-2005.jpg 654w, https:\/\/enfiletesbaskets.fr\/wp-content\/uploads\/2023\/12\/5-et-10-km-2005-297x300.jpg 297w, https:\/\/enfiletesbaskets.fr\/wp-content\/uploads\/2023\/12\/5-et-10-km-2005-150x150.jpg 150w, https:\/\/enfiletesbaskets.fr\/wp-content\/uploads\/2023\/12\/5-et-10-km-2005-100x100.jpg 100w\" sizes=\"(max-width: 654px) 100vw, 654px\" \/><figcaption class=\"wp-element-caption\">Le 5 et 10 km de Grenade avec les membres fondateurs d&rsquo;Enfile tes baskets (T shirt blanc)- 17 septembre 2005 <\/figcaption><\/figure>\n\n\n\n<figure class=\"wp-block-image size-full\"><img decoding=\"async\" loading=\"lazy\" width=\"800\" height=\"600\" src=\"http:\/\/enfiletesbaskets.fr\/wp-content\/uploads\/2025\/08\/couse-a-pied-2.jpg\" alt=\"\" class=\"wp-image-5100\" srcset=\"https:\/\/enfiletesbaskets.fr\/wp-content\/uploads\/2025\/08\/couse-a-pied-2.jpg 800w, https:\/\/enfiletesbaskets.fr\/wp-content\/uploads\/2025\/08\/couse-a-pied-2-300x225.jpg 300w, https:\/\/enfiletesbaskets.fr\/wp-content\/uploads\/2025\/08\/couse-a-pied-2-768x576.jpg 768w\" sizes=\"(max-width: 767px) 89vw, (max-width: 1000px) 54vw, (max-width: 1071px) 543px, 580px\" \/><figcaption class=\"wp-element-caption\">Les m\u00eames, \u00e0 l&rsquo;arriv\u00e9e<\/figcaption><\/figure>\n\n\n\n<figure class=\"wp-block-image size-full\"><img decoding=\"async\" loading=\"lazy\" width=\"735\" height=\"746\" src=\"http:\/\/enfiletesbaskets.fr\/wp-content\/uploads\/2024\/01\/espelette-2007-Copie.jpg\" alt=\"\" class=\"wp-image-4327\" srcset=\"https:\/\/enfiletesbaskets.fr\/wp-content\/uploads\/2024\/01\/espelette-2007-Copie.jpg 735w, https:\/\/enfiletesbaskets.fr\/wp-content\/uploads\/2024\/01\/espelette-2007-Copie-296x300.jpg 296w, https:\/\/enfiletesbaskets.fr\/wp-content\/uploads\/2024\/01\/espelette-2007-Copie-100x100.jpg 100w\" sizes=\"(max-width: 735px) 100vw, 735px\" \/><figcaption class=\"wp-element-caption\">Les briscards et briscardes &#8211; Course des cr\u00eates d&rsquo;Espelette &#8211; juillet 2007<\/figcaption><\/figure>\n","protected":false},"excerpt":{"rendered":"","protected":false},"author":1,"featured_media":0,"parent":2554,"menu_order":1,"comment_status":"closed","ping_status":"closed","template":"","meta":[],"_links":{"self":[{"href":"https:\/\/enfiletesbaskets.fr\/index.php?rest_route=\/wp\/v2\/pages\/2563"}],"collection":[{"href":"https:\/\/enfiletesbaskets.fr\/index.php?rest_route=\/wp\/v2\/pages"}],"about":[{"href":"https:\/\/enfiletesbaskets.fr\/index.php?rest_route=\/wp\/v2\/types\/page"}],"author":[{"embeddable":true,"href":"https:\/\/enfiletesbaskets.fr\/index.php?rest_route=\/wp\/v2\/users\/1"}],"replies":[{"embeddable":true,"href":"https:\/\/enfiletesbaskets.fr\/index.php?rest_route=%2Fwp%2Fv2%2Fcomments&post=2563"}],"version-history":[{"count":12,"href":"https:\/\/enfiletesbaskets.fr\/index.php?rest_route=\/wp\/v2\/pages\/2563\/revisions"}],"predecessor-version":[{"id":5103,"href":"https:\/\/enfiletesbaskets.fr\/index.php?rest_route=\/wp\/v2\/pages\/2563\/revisions\/5103"}],"up":[{"embeddable":true,"href":"https:\/\/enfiletesbaskets.fr\/index.php?rest_route=\/wp\/v2\/pages\/2554"}],"wp:attachment":[{"href":"https:\/\/enfiletesbaskets.fr\/index.php?rest_route=%2Fwp%2Fv2%2Fmedia&parent=2563"}],"curies":[{"name":"wp","href":"https:\/\/api.w.org\/{rel}","templated":true}]}}