{"id":3076,"date":"2021-05-07T18:24:11","date_gmt":"2021-05-07T16:24:11","guid":{"rendered":"http:\/\/enfiletesbaskets.fr\/?page_id=3076"},"modified":"2025-09-05T10:09:13","modified_gmt":"2025-09-05T08:09:13","slug":"la-page-des-sophies","status":"publish","type":"page","link":"https:\/\/enfiletesbaskets.fr\/?page_id=3076","title":{"rendered":"Cap sur Grenade en vid\u00e9o"},"content":{"rendered":"<p>Petite vid\u00e9o, comment \u00e7a va \u00eatre bien !<\/p>\n<p>D\u00e9tail des \u00e9preuves et inscriptions :<\/p>\n<p><a href=\"https:\/\/youtu.be\/phbZBFHCuKk\"><img decoding=\"async\" loading=\"lazy\" class=\"aligncenter wp-image-5131 size-full\" src=\"http:\/\/enfiletesbaskets.fr\/wp-content\/uploads\/2025\/09\/teaser-nounours-cap.jpg\" alt=\"\" width=\"599\" height=\"339\" srcset=\"https:\/\/enfiletesbaskets.fr\/wp-content\/uploads\/2025\/09\/teaser-nounours-cap.jpg 599w, https:\/\/enfiletesbaskets.fr\/wp-content\/uploads\/2025\/09\/teaser-nounours-cap-300x170.jpg 300w\" sizes=\"(max-width: 599px) 100vw, 599px\" \/><\/a><\/p>\n","protected":false},"excerpt":{"rendered":"<p>Petite vid\u00e9o, comment \u00e7a va \u00eatre bien ! D\u00e9tail des \u00e9preuves et inscriptions :<\/p>\n","protected":false},"author":1,"featured_media":0,"parent":0,"menu_order":0,"comment_status":"closed","ping_status":"closed","template":"","meta":[],"_links":{"self":[{"href":"https:\/\/enfiletesbaskets.fr\/index.php?rest_route=\/wp\/v2\/pages\/3076"}],"collection":[{"href":"https:\/\/enfiletesbaskets.fr\/index.php?rest_route=\/wp\/v2\/pages"}],"about":[{"href":"https:\/\/enfiletesbaskets.fr\/index.php?rest_route=\/wp\/v2\/types\/page"}],"author":[{"embeddable":true,"href":"https:\/\/enfiletesbaskets.fr\/index.php?rest_route=\/wp\/v2\/users\/1"}],"replies":[{"embeddable":true,"href":"https:\/\/enfiletesbaskets.fr\/index.php?rest_route=%2Fwp%2Fv2%2Fcomments&post=3076"}],"version-history":[{"count":6,"href":"https:\/\/enfiletesbaskets.fr\/index.php?rest_route=\/wp\/v2\/pages\/3076\/revisions"}],"predecessor-version":[{"id":5136,"href":"https:\/\/enfiletesbaskets.fr\/index.php?rest_route=\/wp\/v2\/pages\/3076\/revisions\/5136"}],"wp:attachment":[{"href":"https:\/\/enfiletesbaskets.fr\/index.php?rest_route=%2Fwp%2Fv2%2Fmedia&parent=3076"}],"curies":[{"name":"wp","href":"https:\/\/api.w.org\/{rel}","templated":true}]}}