{"id":372,"date":"2018-03-22T20:33:24","date_gmt":"2018-03-22T19:33:24","guid":{"rendered":"http:\/\/enfiletesbaskets.fr\/?page_id=372"},"modified":"2026-05-07T20:41:53","modified_gmt":"2026-05-07T18:41:53","slug":"les-courses","status":"publish","type":"page","link":"https:\/\/enfiletesbaskets.fr\/?page_id=372","title":{"rendered":"Les diff\u00e9rentes courses"},"content":{"rendered":"\n<div class=\"is-layout-flex wp-container-7 wp-block-columns are-vertically-aligned-top\">\n<div class=\"is-layout-flow wp-block-column is-vertically-aligned-top\" style=\"flex-basis:100%\">\n<div class=\"is-layout-flex wp-container-5 wp-block-columns\">\n<div class=\"is-layout-flow wp-block-column\" style=\"flex-basis:100%\">\n<div class=\"is-layout-constrained wp-block-group\"><div class=\"wp-block-group__inner-container\">\n<h3><span style=\"color: #008080;\"><strong>La course nature 17 km<\/strong><\/span><\/h3>\n<p><span style=\"color: #008080;\">16.8 km exactement de chemins enherb\u00e9s et empierr\u00e9s, qui longent le site des Graviers Garonnais, le petit mais non moins charmant lac des Gargasses, les bords de Garonne et Save, Ah ! que du bonheur ! Parcours avec tr\u00e8s peu de d\u00e9nivel\u00e9.<\/span><\/p>\n<p>Date et heure de d\u00e9part : samedi 3 octobre 2026 \u00e0 17h30<\/p>\n<p>Lieu de d\u00e9part : piste de roller de Grenade<\/p>\n<p><img decoding=\"async\" loading=\"lazy\" class=\"alignleft size-full wp-image-5206\" src=\"http:\/\/enfiletesbaskets.fr\/wp-content\/uploads\/2026\/03\/17-km-2026-2.jpg\" alt=\"\" width=\"550\" height=\"504\" srcset=\"https:\/\/enfiletesbaskets.fr\/wp-content\/uploads\/2026\/03\/17-km-2026-2.jpg 550w, https:\/\/enfiletesbaskets.fr\/wp-content\/uploads\/2026\/03\/17-km-2026-2-300x275.jpg 300w\" sizes=\"(max-width: 550px) 100vw, 550px\" \/><\/p>\n<p>\u00a0<\/p>\n<h3><span style=\"color: #008080;\"><strong>La course nature 8 km<\/strong><\/span><\/h3>\n<p><span style=\"color: #008080;\">Un parcours compos\u00e9 de sentiers et chemins ; levez les yeux, vous longez la Garonne puis la Save\u2026un parcours bucolique et rafra\u00eechissant ! Parcours avec tr\u00e8s peu de d\u00e9nivel\u00e9.<\/span><\/p>\n<p>Date et heure de d\u00e9part: samedi 3 octobre 2026 \u00e0 17h45<\/p>\n<p>Lieu de d\u00e9part: piste de roller de Grenade<\/p>\n<p><a href=\"http:\/\/enfiletesbaskets.fr\/wp-content\/uploads\/2023\/07\/FB_IMG_1688897149864oeil.jpg\"><img decoding=\"async\" loading=\"lazy\" class=\"wp-image-4037 size-large alignleft\" src=\"http:\/\/enfiletesbaskets.fr\/wp-content\/uploads\/2023\/07\/FB_IMG_1688897149864oeil-1024x768.jpg\" alt=\"\" width=\"525\" height=\"394\" srcset=\"https:\/\/enfiletesbaskets.fr\/wp-content\/uploads\/2023\/07\/FB_IMG_1688897149864oeil-1024x768.jpg 1024w, https:\/\/enfiletesbaskets.fr\/wp-content\/uploads\/2023\/07\/FB_IMG_1688897149864oeil-300x225.jpg 300w, https:\/\/enfiletesbaskets.fr\/wp-content\/uploads\/2023\/07\/FB_IMG_1688897149864oeil-768x576.jpg 768w, https:\/\/enfiletesbaskets.fr\/wp-content\/uploads\/2023\/07\/FB_IMG_1688897149864oeil.jpg 1080w\" sizes=\"(max-width: 525px) 100vw, 525px\" \/><\/a><\/p>\n<p>\u00a0<\/p>\n<p><img decoding=\"async\" loading=\"lazy\" class=\"alignleft wp-image-5211 \" src=\"http:\/\/enfiletesbaskets.fr\/wp-content\/uploads\/2026\/03\/8-km-2026.jpg\" alt=\"\" width=\"519\" height=\"518\" srcset=\"https:\/\/enfiletesbaskets.fr\/wp-content\/uploads\/2026\/03\/8-km-2026.jpg 391w, https:\/\/enfiletesbaskets.fr\/wp-content\/uploads\/2026\/03\/8-km-2026-300x300.jpg 300w, https:\/\/enfiletesbaskets.fr\/wp-content\/uploads\/2026\/03\/8-km-2026-150x150.jpg 150w, https:\/\/enfiletesbaskets.fr\/wp-content\/uploads\/2026\/03\/8-km-2026-100x100.jpg 100w\" sizes=\"(max-width: 519px) 100vw, 519px\" \/><\/p>\n<h3><strong><span style=\"color: #008080;\">La course 5 et 10 km route<\/span><br \/><\/strong><\/h3>\n<p><span style=\"color: #008080;\">D\u00e9part sur la piste de roller, direction le pont du diable, puis un petit bout de chemin (300 m) en bord de Save pour revenir ensuite vers le centre de Grenade et sa magnifique halle. Voil\u00e0 5 km ! Le 10 km reprend cette m\u00eame boucle, quand on aime, on ne compte pas. Parcours avec tr\u00e8s peu de d\u00e9nivel\u00e9.<\/span><\/p>\n<p>Date et heure de d\u00e9part: samedi 3 octobre 2026 \u00e0 18h00<\/p>\n<p>Lieu de d\u00e9part: piste de roller de Grenade<\/p>\n<p><img decoding=\"async\" loading=\"lazy\" class=\"alignnone  wp-image-4694\" src=\"http:\/\/enfiletesbaskets.fr\/wp-content\/uploads\/2024\/09\/plan-5-et-10-km-300x298.png\" alt=\"\" width=\"543\" height=\"539\" srcset=\"https:\/\/enfiletesbaskets.fr\/wp-content\/uploads\/2024\/09\/plan-5-et-10-km-300x298.png 300w, https:\/\/enfiletesbaskets.fr\/wp-content\/uploads\/2024\/09\/plan-5-et-10-km-150x150.png 150w, https:\/\/enfiletesbaskets.fr\/wp-content\/uploads\/2024\/09\/plan-5-et-10-km-100x100.png 100w, https:\/\/enfiletesbaskets.fr\/wp-content\/uploads\/2024\/09\/plan-5-et-10-km.png 725w\" sizes=\"(max-width: 543px) 100vw, 543px\" \/><\/p>\n<h4><strong>Le 5 et 10 km vus du ciel et vu du plancher des vaches:<\/strong><\/h4>\n<p><img decoding=\"async\" loading=\"lazy\" class=\" wp-image-4640 alignleft\" src=\"http:\/\/enfiletesbaskets.fr\/wp-content\/uploads\/2024\/07\/site-etb-5-km-212x300.jpg\" alt=\"\" width=\"421\" height=\"595\" srcset=\"https:\/\/enfiletesbaskets.fr\/wp-content\/uploads\/2024\/07\/site-etb-5-km-212x300.jpg 212w, https:\/\/enfiletesbaskets.fr\/wp-content\/uploads\/2024\/07\/site-etb-5-km-724x1024.jpg 724w, https:\/\/enfiletesbaskets.fr\/wp-content\/uploads\/2024\/07\/site-etb-5-km-768x1086.jpg 768w, https:\/\/enfiletesbaskets.fr\/wp-content\/uploads\/2024\/07\/site-etb-5-km-1086x1536.jpg 1086w, https:\/\/enfiletesbaskets.fr\/wp-content\/uploads\/2024\/07\/site-etb-5-km.jpg 1414w\" sizes=\"(max-width: 421px) 100vw, 421px\" \/><\/p>\n<p>\u00a0<\/p>\n<div style=\"width: 525px;\" class=\"wp-video\"><!--[if lt IE 9]><script>document.createElement('video');<\/script><![endif]-->\n<video class=\"wp-video-shortcode\" id=\"video-372-1\" width=\"525\" height=\"295\" preload=\"metadata\" controls=\"controls\"><source type=\"video\/mp4\" src=\"http:\/\/enfiletesbaskets.fr\/wp-content\/uploads\/2024\/06\/93768338101_relive-tracker_1709823933422.mp4?_=1\" \/><a href=\"http:\/\/enfiletesbaskets.fr\/wp-content\/uploads\/2024\/06\/93768338101_relive-tracker_1709823933422.mp4\">http:\/\/enfiletesbaskets.fr\/wp-content\/uploads\/2024\/06\/93768338101_relive-tracker_1709823933422.mp4<\/a><\/video><\/div>\n\n\n\n<figure class=\"wp-block-video alignleft\"><video controls poster=\"http:\/\/enfiletesbaskets.fr\/wp-content\/uploads\/2025\/08\/photo-depart-2025-1.jpg\" src=\"http:\/\/enfiletesbaskets.fr\/wp-content\/uploads\/2025\/08\/VID-20230911-WA00071_001_001_001_001_001.mp4\"><\/video><figcaption class=\"wp-element-caption\">Vue du sol<\/figcaption><\/figure>\n\n\n\n<h6><\/h6>\n\n\n\n<h4><span style=\"color: #008080;\">Les animations enfants<\/span><\/h4>\n<p><span style=\"color: #008080;\"><em>Les enfants pourront courir dans les rues de Grenade avec une arriv\u00e9e triomphale sous une arche aux abords de la halle.<\/em><\/span><\/p>\n<p>Date et heure de d\u00e9part : samedi 3 octobre 2026<\/p>\n<p>Enfants n\u00e9s en 2017, 2018 et 2019 : 750 m &#8211; D\u00e9part \u00e0 16h45<\/p>\n<p>Enfants n\u00e9s en 2013, 2014, 2015, 2016\u00a0 : 1500 m &#8211; D\u00e9part \u00e0 16h55<\/p>\n<p>Lieu de d\u00e9part et d&rsquo;arriv\u00e9e : sous la halle de Grenade<\/p>\n<p><a href=\"http:\/\/enfiletesbaskets.fr\/?attachment_id=4990\" rel=\"attachment wp-att-4990\"><img decoding=\"async\" loading=\"lazy\" class=\"wp-image-4990 alignleft\" src=\"http:\/\/enfiletesbaskets.fr\/wp-content\/uploads\/2025\/05\/course-enfants.png\" alt=\"\" width=\"552\" height=\"439\" srcset=\"https:\/\/enfiletesbaskets.fr\/wp-content\/uploads\/2025\/05\/course-enfants.png 750w, https:\/\/enfiletesbaskets.fr\/wp-content\/uploads\/2025\/05\/course-enfants-300x238.png 300w\" sizes=\"(max-width: 552px) 100vw, 552px\" \/><\/a><\/p>\n<h4><span style=\"color: #008080;\">La randonn\u00e9e p\u00e9destre 8 km<\/span><\/h4>\n<p><span style=\"color: #008080;\"><em>Une parenth\u00e8se bucolique sur les chemins longeant les bords de Save et Garonne, avec en bruit de fond l\u2019eau qui coule au milieu de la rivi\u00e8re et le chant des oiseaux.<\/em><\/span><\/p>\n<p>Date et heure de d\u00e9part : samedi 3 octobre 2026 \u00e0 16h30<\/p>\n<p>Lieu de d\u00e9part et d&rsquo;arriv\u00e9e : sous la halle de Grenade<\/p>\n<p><a href=\"http:\/\/enfiletesbaskets.fr\/?attachment_id=4991\" rel=\"attachment wp-att-4991\"><img decoding=\"async\" loading=\"lazy\" class=\" wp-image-4991 alignleft\" src=\"http:\/\/enfiletesbaskets.fr\/wp-content\/uploads\/2025\/05\/rando.jpg\" alt=\"\" width=\"543\" height=\"645\" srcset=\"https:\/\/enfiletesbaskets.fr\/wp-content\/uploads\/2025\/05\/rando.jpg 863w, https:\/\/enfiletesbaskets.fr\/wp-content\/uploads\/2025\/05\/rando-253x300.jpg 253w, https:\/\/enfiletesbaskets.fr\/wp-content\/uploads\/2025\/05\/rando-768x911.jpg 768w\" sizes=\"(max-width: 543px) 100vw, 543px\" \/><\/a><\/p>\n<p>\u00a0<\/p>\n\n\n\n<p><span style=\"text-decoration: underline; color: #008000;\"><\/span><\/p>\n\n\n\n<figure class=\"is-layout-flex wp-block-gallery-1 wp-block-gallery alignleft has-nested-images columns-default is-cropped\"><\/figure>\n<\/div><\/div>\n<\/div>\n<\/div>\n<\/div>\n<\/div>\n","protected":false},"excerpt":{"rendered":"<p>La course nature 17 km 16.8 km exactement de chemins enherb\u00e9s et empierr\u00e9s, qui longent le site des Graviers Garonnais, le petit mais non moins charmant lac des Gargasses, les bords de Garonne et Save, Ah ! que du bonheur ! Parcours avec tr\u00e8s peu de d\u00e9nivel\u00e9. Date et heure de d\u00e9part : samedi 3 &hellip; <\/p>\n<p class=\"link-more\"><a href=\"https:\/\/enfiletesbaskets.fr\/?page_id=372\" class=\"more-link\">Continuer la lecture<span class=\"screen-reader-text\"> de &laquo;&nbsp;Les diff\u00e9rentes courses&nbsp;&raquo;<\/span><\/a><\/p>\n","protected":false},"author":1,"featured_media":0,"parent":0,"menu_order":0,"comment_status":"closed","ping_status":"closed","template":"","meta":[],"_links":{"self":[{"href":"https:\/\/enfiletesbaskets.fr\/index.php?rest_route=\/wp\/v2\/pages\/372"}],"collection":[{"href":"https:\/\/enfiletesbaskets.fr\/index.php?rest_route=\/wp\/v2\/pages"}],"about":[{"href":"https:\/\/enfiletesbaskets.fr\/index.php?rest_route=\/wp\/v2\/types\/page"}],"author":[{"embeddable":true,"href":"https:\/\/enfiletesbaskets.fr\/index.php?rest_route=\/wp\/v2\/users\/1"}],"replies":[{"embeddable":true,"href":"https:\/\/enfiletesbaskets.fr\/index.php?rest_route=%2Fwp%2Fv2%2Fcomments&post=372"}],"version-history":[{"count":217,"href":"https:\/\/enfiletesbaskets.fr\/index.php?rest_route=\/wp\/v2\/pages\/372\/revisions"}],"predecessor-version":[{"id":5223,"href":"https:\/\/enfiletesbaskets.fr\/index.php?rest_route=\/wp\/v2\/pages\/372\/revisions\/5223"}],"wp:attachment":[{"href":"https:\/\/enfiletesbaskets.fr\/index.php?rest_route=%2Fwp%2Fv2%2Fmedia&parent=372"}],"curies":[{"name":"wp","href":"https:\/\/api.w.org\/{rel}","templated":true}]}}