{"id":3726,"date":"2022-12-27T15:36:02","date_gmt":"2022-12-27T14:36:02","guid":{"rendered":"https:\/\/enfiletesbaskets.fr\/?page_id=3726"},"modified":"2025-01-03T22:24:31","modified_gmt":"2025-01-03T21:24:31","slug":"2022-2","status":"publish","type":"page","link":"https:\/\/enfiletesbaskets.fr\/?page_id=3726","title":{"rendered":"L&rsquo;Edition 2024"},"content":{"rendered":"\n<p><a href=\"https:\/\/drive.google.com\/drive\/u\/0\/folders\/1XSGD2KYnKcFCAuvIuRobZ1XZVJqU5sU2\"><strong><mark style=\"background-color:rgba(0, 0, 0, 0)\" class=\"has-inline-color has-vivid-cyan-blue-color\">Photos Enfile tes Baskets<\/mark><\/strong><\/a><br><br><a href=\"https:\/\/www.youtube.com\/watch?v=R4UBeOx3Gb0\"><mark style=\"background-color:rgba(0, 0, 0, 0)\" class=\"has-inline-color has-luminous-vivid-orange-color\"><strong>Petit r\u00e9sum\u00e9 Vid\u00e9o<\/strong><\/mark><\/a><\/p>\n\n\n\n<p><strong>Photos sur le site Running mag<\/strong> <a href=\"http:\/\/www.runningmag.fr\/8038\/cap-sur-grenade.html\">http:\/\/www.runningmag.fr\/8038\/cap-sur-grenade.html<\/a><\/p>\n\n\n\n<figure class=\"wp-block-image size-large is-resized\"><img decoding=\"async\" loading=\"lazy\" src=\"http:\/\/enfiletesbaskets.fr\/wp-content\/uploads\/2024\/10\/20241005_1744100-1024x768.jpg\" alt=\"\" class=\"wp-image-4718\" width=\"582\" height=\"436\" srcset=\"https:\/\/enfiletesbaskets.fr\/wp-content\/uploads\/2024\/10\/20241005_1744100-1024x768.jpg 1024w, https:\/\/enfiletesbaskets.fr\/wp-content\/uploads\/2024\/10\/20241005_1744100-300x225.jpg 300w, https:\/\/enfiletesbaskets.fr\/wp-content\/uploads\/2024\/10\/20241005_1744100-768x576.jpg 768w, https:\/\/enfiletesbaskets.fr\/wp-content\/uploads\/2024\/10\/20241005_1744100-1536x1152.jpg 1536w, https:\/\/enfiletesbaskets.fr\/wp-content\/uploads\/2024\/10\/20241005_1744100-2048x1536.jpg 2048w\" sizes=\"(max-width: 582px) 100vw, 582px\" \/><\/figure>\n\n\n\n<h1 class=\"has-medium-font-size\"><\/h1>\n","protected":false},"excerpt":{"rendered":"<p>Photos Enfile tes Baskets Petit r\u00e9sum\u00e9 Vid\u00e9o Photos sur le site Running mag http:\/\/www.runningmag.fr\/8038\/cap-sur-grenade.html<\/p>\n","protected":false},"author":1,"featured_media":0,"parent":0,"menu_order":0,"comment_status":"closed","ping_status":"closed","template":"","meta":[],"_links":{"self":[{"href":"https:\/\/enfiletesbaskets.fr\/index.php?rest_route=\/wp\/v2\/pages\/3726"}],"collection":[{"href":"https:\/\/enfiletesbaskets.fr\/index.php?rest_route=\/wp\/v2\/pages"}],"about":[{"href":"https:\/\/enfiletesbaskets.fr\/index.php?rest_route=\/wp\/v2\/types\/page"}],"author":[{"embeddable":true,"href":"https:\/\/enfiletesbaskets.fr\/index.php?rest_route=\/wp\/v2\/users\/1"}],"replies":[{"embeddable":true,"href":"https:\/\/enfiletesbaskets.fr\/index.php?rest_route=%2Fwp%2Fv2%2Fcomments&post=3726"}],"version-history":[{"count":16,"href":"https:\/\/enfiletesbaskets.fr\/index.php?rest_route=\/wp\/v2\/pages\/3726\/revisions"}],"predecessor-version":[{"id":4806,"href":"https:\/\/enfiletesbaskets.fr\/index.php?rest_route=\/wp\/v2\/pages\/3726\/revisions\/4806"}],"wp:attachment":[{"href":"https:\/\/enfiletesbaskets.fr\/index.php?rest_route=%2Fwp%2Fv2%2Fmedia&parent=3726"}],"curies":[{"name":"wp","href":"https:\/\/api.w.org\/{rel}","templated":true}]}}