{"id":3727,"date":"2022-12-27T15:36:02","date_gmt":"2022-12-27T14:36:02","guid":{"rendered":"https:\/\/enfiletesbaskets.fr\/?page_id=3727"},"modified":"2022-12-27T15:39:13","modified_gmt":"2022-12-27T14:39:13","slug":"ledition-2022","status":"publish","type":"page","link":"https:\/\/enfiletesbaskets.fr\/?page_id=3727","title":{"rendered":"L&rsquo;\u00e9dition 2022"},"content":{"rendered":"\n<p class=\"has-medium-font-size\">Photos de l&rsquo;\u00e9dition pass\u00e9e \u00e0 d\u00e9couvrir <a rel=\"noreferrer noopener\" href=\"https:\/\/photos.google.com\/share\/AF1QipPXpOFXID152kJ0gVH9FdtNnfQjJhVRUTFwXxPc5JRcEvjUrYK4kuiZC1U1UqEyNQ?key=OUtvWU9hY05mQm9IN0JDT3ZCell4bVNhQmxfRFJn\" target=\"_blank\"><strong>ici<\/strong><\/a> et <a rel=\"noreferrer noopener\" href=\"https:\/\/photos.google.com\/share\/AF1QipPXpOFXID152kJ0gVH9FdtNnfQjJhVRUTFwXxPc5JRcEvjUrYK4kuiZC1U1UqEyNQ?key=OUtvWU9hY05mQm9IN0JDT3ZCell4bVNhQmxfRFJn\" target=\"_blank\"><strong>l\u00e0<\/strong><\/a><\/p>\n","protected":false},"excerpt":{"rendered":"<p>Photos de l&rsquo;\u00e9dition pass\u00e9e \u00e0 d\u00e9couvrir ici et l\u00e0<\/p>\n","protected":false},"author":1,"featured_media":0,"parent":0,"menu_order":0,"comment_status":"closed","ping_status":"closed","template":"","meta":[],"_links":{"self":[{"href":"https:\/\/enfiletesbaskets.fr\/index.php?rest_route=\/wp\/v2\/pages\/3727"}],"collection":[{"href":"https:\/\/enfiletesbaskets.fr\/index.php?rest_route=\/wp\/v2\/pages"}],"about":[{"href":"https:\/\/enfiletesbaskets.fr\/index.php?rest_route=\/wp\/v2\/types\/page"}],"author":[{"embeddable":true,"href":"https:\/\/enfiletesbaskets.fr\/index.php?rest_route=\/wp\/v2\/users\/1"}],"replies":[{"embeddable":true,"href":"https:\/\/enfiletesbaskets.fr\/index.php?rest_route=%2Fwp%2Fv2%2Fcomments&post=3727"}],"version-history":[{"count":4,"href":"https:\/\/enfiletesbaskets.fr\/index.php?rest_route=\/wp\/v2\/pages\/3727\/revisions"}],"predecessor-version":[{"id":3738,"href":"https:\/\/enfiletesbaskets.fr\/index.php?rest_route=\/wp\/v2\/pages\/3727\/revisions\/3738"}],"wp:attachment":[{"href":"https:\/\/enfiletesbaskets.fr\/index.php?rest_route=%2Fwp%2Fv2%2Fmedia&parent=3727"}],"curies":[{"name":"wp","href":"https:\/\/api.w.org\/{rel}","templated":true}]}}