{"id":4183,"date":"2023-10-14T16:30:07","date_gmt":"2023-10-14T14:30:07","guid":{"rendered":"http:\/\/enfiletesbaskets.fr\/?page_id=4183"},"modified":"2024-02-18T18:39:42","modified_gmt":"2024-02-18T17:39:42","slug":"ledition-2023","status":"publish","type":"page","link":"https:\/\/enfiletesbaskets.fr\/?page_id=4183","title":{"rendered":"L&rsquo;\u00e9dition 2023"},"content":{"rendered":"\n<p><a href=\"https:\/\/drive.google.com\/drive\/folders\/1rktBn-CGwdsWGllQPbQItRK9FuvhNBiK?usp=sharing\">Les courses route et r\u00e9compenses (source D\u00e9p\u00eache du Midi)<\/a><\/p>\n\n\n\n<div class=\"wp-block-media-text alignwide is-stacked-on-mobile\"><figure class=\"wp-block-media-text__media\"><img decoding=\"async\" loading=\"lazy\" width=\"1024\" height=\"677\" src=\"http:\/\/enfiletesbaskets.fr\/wp-content\/uploads\/2023\/10\/Screenshot_20231008-235157_Photos-1024x677.jpg\" alt=\"\" class=\"wp-image-4222 size-full\" srcset=\"https:\/\/enfiletesbaskets.fr\/wp-content\/uploads\/2023\/10\/Screenshot_20231008-235157_Photos-1024x677.jpg 1024w, https:\/\/enfiletesbaskets.fr\/wp-content\/uploads\/2023\/10\/Screenshot_20231008-235157_Photos-300x198.jpg 300w, https:\/\/enfiletesbaskets.fr\/wp-content\/uploads\/2023\/10\/Screenshot_20231008-235157_Photos-768x508.jpg 768w, https:\/\/enfiletesbaskets.fr\/wp-content\/uploads\/2023\/10\/Screenshot_20231008-235157_Photos.jpg 1080w\" sizes=\"(max-width: 767px) 89vw, (max-width: 1000px) 54vw, (max-width: 1071px) 543px, 580px\" \/><\/figure><div class=\"wp-block-media-text__content\">\n<p><\/p>\n<\/div><\/div>\n\n\n\n<p><a href=\"https:\/\/drive.google.com\/drive\/u\/0\/folders\/1OWARJIELOrujAZcelOgHb0uZPrjyCAxe\">La course nature 17 km <\/a><\/p>\n\n\n\n<div class=\"wp-block-media-text alignwide is-stacked-on-mobile\"><figure class=\"wp-block-media-text__media\"><img decoding=\"async\" loading=\"lazy\" width=\"1024\" height=\"768\" src=\"http:\/\/enfiletesbaskets.fr\/wp-content\/uploads\/2023\/10\/20231007_173726-1024x768.jpg\" alt=\"\" class=\"wp-image-4224 size-full\" srcset=\"https:\/\/enfiletesbaskets.fr\/wp-content\/uploads\/2023\/10\/20231007_173726-1024x768.jpg 1024w, https:\/\/enfiletesbaskets.fr\/wp-content\/uploads\/2023\/10\/20231007_173726-300x225.jpg 300w, https:\/\/enfiletesbaskets.fr\/wp-content\/uploads\/2023\/10\/20231007_173726-768x576.jpg 768w, https:\/\/enfiletesbaskets.fr\/wp-content\/uploads\/2023\/10\/20231007_173726-1536x1152.jpg 1536w, https:\/\/enfiletesbaskets.fr\/wp-content\/uploads\/2023\/10\/20231007_173726-2048x1536.jpg 2048w\" sizes=\"(max-width: 767px) 89vw, (max-width: 1000px) 54vw, (max-width: 1071px) 543px, 580px\" \/><\/figure><div class=\"wp-block-media-text__content\">\n<p><\/p>\n\n\n\n<p><\/p>\n<\/div><\/div>\n","protected":false},"excerpt":{"rendered":"<p>Les courses route et r\u00e9compenses (source D\u00e9p\u00eache du Midi) La course nature 17 km<\/p>\n","protected":false},"author":1,"featured_media":0,"parent":0,"menu_order":0,"comment_status":"closed","ping_status":"closed","template":"","meta":[],"_links":{"self":[{"href":"https:\/\/enfiletesbaskets.fr\/index.php?rest_route=\/wp\/v2\/pages\/4183"}],"collection":[{"href":"https:\/\/enfiletesbaskets.fr\/index.php?rest_route=\/wp\/v2\/pages"}],"about":[{"href":"https:\/\/enfiletesbaskets.fr\/index.php?rest_route=\/wp\/v2\/types\/page"}],"author":[{"embeddable":true,"href":"https:\/\/enfiletesbaskets.fr\/index.php?rest_route=\/wp\/v2\/users\/1"}],"replies":[{"embeddable":true,"href":"https:\/\/enfiletesbaskets.fr\/index.php?rest_route=%2Fwp%2Fv2%2Fcomments&post=4183"}],"version-history":[{"count":15,"href":"https:\/\/enfiletesbaskets.fr\/index.php?rest_route=\/wp\/v2\/pages\/4183\/revisions"}],"predecessor-version":[{"id":4344,"href":"https:\/\/enfiletesbaskets.fr\/index.php?rest_route=\/wp\/v2\/pages\/4183\/revisions\/4344"}],"wp:attachment":[{"href":"https:\/\/enfiletesbaskets.fr\/index.php?rest_route=%2Fwp%2Fv2%2Fmedia&parent=4183"}],"curies":[{"name":"wp","href":"https:\/\/api.w.org\/{rel}","templated":true}]}}