{"id":780,"date":"2018-06-19T12:22:29","date_gmt":"2018-06-19T10:22:29","guid":{"rendered":"http:\/\/enfiletesbaskets.fr\/?page_id=780"},"modified":"2025-07-13T17:30:37","modified_gmt":"2025-07-13T15:30:37","slug":"venir-a-grenade","status":"publish","type":"page","link":"https:\/\/enfiletesbaskets.fr\/?page_id=780","title":{"rendered":"Infos pratiques"},"content":{"rendered":"<p><img decoding=\"async\" loading=\"lazy\" class=\"wp-image-4698  alignleft\" src=\"http:\/\/enfiletesbaskets.fr\/wp-content\/uploads\/2024\/09\/plan-grenade-infos-pratiques-2024-300x207.jpg\" alt=\"\" width=\"329\" height=\"227\" srcset=\"https:\/\/enfiletesbaskets.fr\/wp-content\/uploads\/2024\/09\/plan-grenade-infos-pratiques-2024-300x207.jpg 300w, https:\/\/enfiletesbaskets.fr\/wp-content\/uploads\/2024\/09\/plan-grenade-infos-pratiques-2024-1024x705.jpg 1024w, https:\/\/enfiletesbaskets.fr\/wp-content\/uploads\/2024\/09\/plan-grenade-infos-pratiques-2024-768x529.jpg 768w, https:\/\/enfiletesbaskets.fr\/wp-content\/uploads\/2024\/09\/plan-grenade-infos-pratiques-2024.jpg 1272w\" sizes=\"(max-width: 329px) 100vw, 329px\" \/>Parking appel\u00e9 Quai de Garonne (450 places), proche de la piste de roller.<\/p>\n<p>Retrait des dossards et inscriptions : sous la halle.<\/p>\n<p>D\u00e9parts courses route et courses nature : sur la piste de roller.<\/p>\n<p>D\u00e9parts courses enfants et randonn\u00e9e: sous la halle.<\/p>\n<h4><strong>Installations sanitaires \u00e0 votre disposition:<\/strong><\/h4>\n<ul>\n<li>WC public situ\u00e9 \u00ab\u00a0rue de la R\u00e9publique\u00a0\u00bb, entre la halle et le parking \u00ab\u00a0quai de Garonne\u00a0\u00bb.<\/li>\n<li>WC de l&rsquo;association Grenade Roller Skating, algeco \u00e0 proximit\u00e9 de la piste de roller.<\/li>\n<li>WC public situ\u00e9 pr\u00e8s des terrains de jeu City, \u00e0 50 m de la piste de roller.<\/li>\n<li>WC public situ\u00e9 \u00e0 proximit\u00e9 de l\u2019h\u00f4tel de ville.<\/li>\n<\/ul>\n<p><img decoding=\"async\" loading=\"lazy\" class=\"aligncenter wp-image-4957 size-full\" src=\"http:\/\/enfiletesbaskets.fr\/wp-content\/uploads\/2025\/05\/grenade-960x630-2.jpg\" alt=\"\" width=\"960\" height=\"630\" srcset=\"https:\/\/enfiletesbaskets.fr\/wp-content\/uploads\/2025\/05\/grenade-960x630-2.jpg 960w, https:\/\/enfiletesbaskets.fr\/wp-content\/uploads\/2025\/05\/grenade-960x630-2-300x197.jpg 300w, https:\/\/enfiletesbaskets.fr\/wp-content\/uploads\/2025\/05\/grenade-960x630-2-768x504.jpg 768w\" sizes=\"(max-width: 767px) 89vw, (max-width: 1000px) 54vw, (max-width: 1071px) 543px, 580px\" \/><\/p>\n<p>\u00a0<\/p>\n\n\n<p><\/p>\n\n\n\n<p><\/p>\n","protected":false},"excerpt":{"rendered":"<p>Parking appel\u00e9 Quai de Garonne (450 places), proche de la piste de roller. Retrait des dossards et inscriptions : sous la halle. D\u00e9parts courses route et courses nature : sur la piste de roller. D\u00e9parts courses enfants et randonn\u00e9e: sous la halle. Installations sanitaires \u00e0 votre disposition: WC public situ\u00e9 \u00ab\u00a0rue de la R\u00e9publique\u00a0\u00bb, entre &hellip; <\/p>\n<p class=\"link-more\"><a href=\"https:\/\/enfiletesbaskets.fr\/?page_id=780\" class=\"more-link\">Continuer la lecture<span class=\"screen-reader-text\"> de &laquo;&nbsp;Infos pratiques&nbsp;&raquo;<\/span><\/a><\/p>\n","protected":false},"author":1,"featured_media":0,"parent":0,"menu_order":0,"comment_status":"closed","ping_status":"closed","template":"","meta":[],"_links":{"self":[{"href":"https:\/\/enfiletesbaskets.fr\/index.php?rest_route=\/wp\/v2\/pages\/780"}],"collection":[{"href":"https:\/\/enfiletesbaskets.fr\/index.php?rest_route=\/wp\/v2\/pages"}],"about":[{"href":"https:\/\/enfiletesbaskets.fr\/index.php?rest_route=\/wp\/v2\/types\/page"}],"author":[{"embeddable":true,"href":"https:\/\/enfiletesbaskets.fr\/index.php?rest_route=\/wp\/v2\/users\/1"}],"replies":[{"embeddable":true,"href":"https:\/\/enfiletesbaskets.fr\/index.php?rest_route=%2Fwp%2Fv2%2Fcomments&post=780"}],"version-history":[{"count":68,"href":"https:\/\/enfiletesbaskets.fr\/index.php?rest_route=\/wp\/v2\/pages\/780\/revisions"}],"predecessor-version":[{"id":5049,"href":"https:\/\/enfiletesbaskets.fr\/index.php?rest_route=\/wp\/v2\/pages\/780\/revisions\/5049"}],"wp:attachment":[{"href":"https:\/\/enfiletesbaskets.fr\/index.php?rest_route=%2Fwp%2Fv2%2Fmedia&parent=780"}],"curies":[{"name":"wp","href":"https:\/\/api.w.org\/{rel}","templated":true}]}}